{"id":1513,"date":"2023-04-04T16:06:51","date_gmt":"2023-04-04T19:06:51","guid":{"rendered":"http:\/\/reamec.uea.edu.br\/?page_id=1513"},"modified":"2023-07-28T15:57:59","modified_gmt":"2023-07-28T18:57:59","slug":"elementor-1513","status":"publish","type":"page","link":"http:\/\/reamec.uea.edu.br\/index.php\/elementor-1513\/","title":{"rendered":"\u00daltimas not\u00edcias"},"content":{"rendered":"\t\t<div data-elementor-type=\"wp-page\" data-elementor-id=\"1513\" class=\"elementor elementor-1513\">\n\t\t\t\t\t\t<section class=\"elementor-section elementor-top-section elementor-element elementor-element-2cbeb13 elementor-section-boxed elementor-section-height-default elementor-section-height-default\" data-id=\"2cbeb13\" data-element_type=\"section\">\n\t\t\t\t\t\t<div class=\"elementor-container elementor-column-gap-default\">\n\t\t\t\t\t<div class=\"elementor-column elementor-col-100 elementor-top-column elementor-element elementor-element-3ac0c85\" data-id=\"3ac0c85\" data-element_type=\"column\">\n\t\t\t<div class=\"elementor-widget-wrap elementor-element-populated\">\n\t\t\t\t\t\t<div class=\"elementor-element elementor-element-e18a040 elementor-widget elementor-widget-spacer\" data-id=\"e18a040\" data-element_type=\"widget\" data-widget_type=\"spacer.default\">\n\t\t\t\t<div class=\"elementor-widget-container\">\n\t\t\t\t\t\t\t<div class=\"elementor-spacer\">\n\t\t\t<div class=\"elementor-spacer-inner\"><\/div>\n\t\t<\/div>\n\t\t\t\t\t\t<\/div>\n\t\t\t\t<\/div>\n\t\t\t\t<div class=\"elementor-element elementor-element-a83980b elementor-widget elementor-widget-heading\" data-id=\"a83980b\" data-element_type=\"widget\" data-widget_type=\"heading.default\">\n\t\t\t\t<div class=\"elementor-widget-container\">\n\t\t\t\t\t<h2 class=\"elementor-heading-title elementor-size-default\">\u00daltimas Noticias<\/h2>\t\t\t\t<\/div>\n\t\t\t\t<\/div>\n\t\t\t\t\t<\/div>\n\t\t<\/div>\n\t\t\t\t\t<\/div>\n\t\t<\/section>\n\t\t\t\t<section class=\"elementor-section elementor-top-section elementor-element elementor-element-5575128 elementor-section-boxed elementor-section-height-default elementor-section-height-default\" data-id=\"5575128\" data-element_type=\"section\">\n\t\t\t\t\t\t<div class=\"elementor-container elementor-column-gap-default\">\n\t\t\t\t\t<div class=\"elementor-column elementor-col-100 elementor-top-column elementor-element elementor-element-370f159\" data-id=\"370f159\" data-element_type=\"column\">\n\t\t\t<div class=\"elementor-widget-wrap elementor-element-populated\">\n\t\t\t\t\t\t<div class=\"elementor-element elementor-element-a70af71 elementor-widget elementor-widget-spacer\" data-id=\"a70af71\" data-element_type=\"widget\" data-widget_type=\"spacer.default\">\n\t\t\t\t<div class=\"elementor-widget-container\">\n\t\t\t\t\t\t\t<div class=\"elementor-spacer\">\n\t\t\t<div class=\"elementor-spacer-inner\"><\/div>\n\t\t<\/div>\n\t\t\t\t\t\t<\/div>\n\t\t\t\t<\/div>\n\t\t\t\t\t<\/div>\n\t\t<\/div>\n\t\t\t\t\t<\/div>\n\t\t<\/section>\n\t\t\t\t<section class=\"elementor-section elementor-top-section elementor-element elementor-element-2f488c5 elementor-section-boxed elementor-section-height-default elementor-section-height-default\" data-id=\"2f488c5\" data-element_type=\"section\">\n\t\t\t\t\t\t<div class=\"elementor-container elementor-column-gap-default\">\n\t\t\t\t\t<div class=\"elementor-column elementor-col-100 elementor-top-column elementor-element elementor-element-11e3133\" data-id=\"11e3133\" data-element_type=\"column\">\n\t\t\t<div class=\"elementor-widget-wrap elementor-element-populated\">\n\t\t\t\t\t\t<div class=\"elementor-element elementor-element-6622455 elementor-widget elementor-widget-image\" data-id=\"6622455\" data-element_type=\"widget\" data-widget_type=\"image.default\">\n\t\t\t\t<div class=\"elementor-widget-container\">\n\t\t\t\t\t\t\t\t\t\t\t\t\t\t\t<img fetchpriority=\"high\" decoding=\"async\" width=\"960\" height=\"480\" src=\"http:\/\/reamec.uea.edu.br\/wp-content\/uploads\/2023\/05\/de-pesquisa-II-1-1024x512.png\" class=\"attachment-large size-large wp-image-1892\" alt=\"\" srcset=\"http:\/\/reamec.uea.edu.br\/wp-content\/uploads\/2023\/05\/de-pesquisa-II-1-1024x512.png 1024w, http:\/\/reamec.uea.edu.br\/wp-content\/uploads\/2023\/05\/de-pesquisa-II-1-300x150.png 300w, http:\/\/reamec.uea.edu.br\/wp-content\/uploads\/2023\/05\/de-pesquisa-II-1-768x384.png 768w, http:\/\/reamec.uea.edu.br\/wp-content\/uploads\/2023\/05\/de-pesquisa-II-1-600x300.png 600w, http:\/\/reamec.uea.edu.br\/wp-content\/uploads\/2023\/05\/de-pesquisa-II-1.png 1080w\" sizes=\"(max-width: 960px) 100vw, 960px\" \/>\t\t\t\t\t\t\t\t\t\t\t\t\t\t\t<\/div>\n\t\t\t\t<\/div>\n\t\t\t\t<div class=\"elementor-element elementor-element-ce5e6ed elementor-widget elementor-widget-text-editor\" data-id=\"ce5e6ed\" data-element_type=\"widget\" data-widget_type=\"text-editor.default\">\n\t\t\t\t<div class=\"elementor-widget-container\">\n\t\t\t\t\t\t\t\t\t<pre><strong>Disciplina exclusiva para a turma de 2021 da Rede Amaz\u00f4nica de Educa\u00e7\u00e3o em Ci\u00eancias e Matem\u00e1tica (REAMEC), e que ocorrer\u00e1 em Manaus - Amazonas, administrada pelo Polo UEA, que realizar\u00e1 a disciplina com foco na forma\u00e7\u00e3o dos discentes como futuros doutores e incentiv\u00e1-los em sua pesquisa em busca sempre de melhorias.<\/strong><\/pre>\t\t\t\t\t\t\t\t<\/div>\n\t\t\t\t<\/div>\n\t\t\t\t\t<\/div>\n\t\t<\/div>\n\t\t\t\t\t<\/div>\n\t\t<\/section>\n\t\t\t\t<section class=\"elementor-section elementor-top-section elementor-element elementor-element-703c2eb elementor-section-boxed elementor-section-height-default elementor-section-height-default\" data-id=\"703c2eb\" data-element_type=\"section\">\n\t\t\t\t\t\t<div class=\"elementor-container elementor-column-gap-default\">\n\t\t\t\t\t<div class=\"elementor-column elementor-col-100 elementor-top-column elementor-element elementor-element-43b669f\" data-id=\"43b669f\" data-element_type=\"column\">\n\t\t\t<div class=\"elementor-widget-wrap elementor-element-populated\">\n\t\t\t\t\t\t<div class=\"elementor-element elementor-element-39f44e4 elementor-widget elementor-widget-spacer\" data-id=\"39f44e4\" data-element_type=\"widget\" data-widget_type=\"spacer.default\">\n\t\t\t\t<div class=\"elementor-widget-container\">\n\t\t\t\t\t\t\t<div class=\"elementor-spacer\">\n\t\t\t<div class=\"elementor-spacer-inner\"><\/div>\n\t\t<\/div>\n\t\t\t\t\t\t<\/div>\n\t\t\t\t<\/div>\n\t\t\t\t\t<\/div>\n\t\t<\/div>\n\t\t\t\t\t<\/div>\n\t\t<\/section>\n\t\t\t\t<section class=\"elementor-section elementor-top-section elementor-element elementor-element-ccc3e38 elementor-section-boxed elementor-section-height-default elementor-section-height-default\" data-id=\"ccc3e38\" data-element_type=\"section\" data-settings=\"{&quot;background_background&quot;:&quot;gradient&quot;}\">\n\t\t\t\t\t\t<div class=\"elementor-container elementor-column-gap-default\">\n\t\t\t\t\t<div class=\"elementor-column elementor-col-100 elementor-top-column elementor-element elementor-element-8f81f77\" data-id=\"8f81f77\" data-element_type=\"column\">\n\t\t\t<div class=\"elementor-widget-wrap elementor-element-populated\">\n\t\t\t\t\t\t<div class=\"elementor-element elementor-element-7196f86 elementor-widget elementor-widget-heading\" data-id=\"7196f86\" data-element_type=\"widget\" data-widget_type=\"heading.default\">\n\t\t\t\t<div class=\"elementor-widget-container\">\n\t\t\t\t\t<h2 class=\"elementor-heading-title elementor-size-default\"><br>ENTRE EM CONTATO CONOSCO<\/h2>\t\t\t\t<\/div>\n\t\t\t\t<\/div>\n\t\t\t\t\t<\/div>\n\t\t<\/div>\n\t\t\t\t\t<\/div>\n\t\t<\/section>\n\t\t\t\t<section class=\"elementor-section elementor-top-section elementor-element elementor-element-f8d3876 elementor-section-boxed elementor-section-height-default elementor-section-height-default\" data-id=\"f8d3876\" data-element_type=\"section\" data-settings=\"{&quot;background_background&quot;:&quot;gradient&quot;}\">\n\t\t\t\t\t\t<div class=\"elementor-container elementor-column-gap-default\">\n\t\t\t\t\t\t<\/div>\n\t\t<\/section>\n\t\t\t\t<section class=\"elementor-section elementor-top-section elementor-element elementor-element-f15f0df elementor-section-boxed elementor-section-height-default elementor-section-height-default\" data-id=\"f15f0df\" data-element_type=\"section\" data-settings=\"{&quot;background_background&quot;:&quot;gradient&quot;}\">\n\t\t\t\t\t\t<div class=\"elementor-container elementor-column-gap-default\">\n\t\t\t\t\t\t<\/div>\n\t\t<\/section>\n\t\t\t\t<section class=\"elementor-section elementor-top-section elementor-element elementor-element-77a005f elementor-section-boxed elementor-section-height-default elementor-section-height-default\" data-id=\"77a005f\" data-element_type=\"section\" data-settings=\"{&quot;background_background&quot;:&quot;gradient&quot;}\">\n\t\t\t\t\t\t<div class=\"elementor-container elementor-column-gap-default\">\n\t\t\t\t\t\t<\/div>\n\t\t<\/section>\n\t\t\t\t<section class=\"elementor-section elementor-top-section elementor-element elementor-element-fc53bc3 elementor-section-boxed elementor-section-height-default elementor-section-height-default\" data-id=\"fc53bc3\" data-element_type=\"section\" data-settings=\"{&quot;background_background&quot;:&quot;gradient&quot;}\">\n\t\t\t\t\t\t<div class=\"elementor-container elementor-column-gap-default\">\n\t\t\t\t\t<div class=\"elementor-column elementor-col-50 elementor-top-column elementor-element elementor-element-662e701\" data-id=\"662e701\" data-element_type=\"column\">\n\t\t\t<div class=\"elementor-widget-wrap elementor-element-populated\">\n\t\t\t\t\t\t<div class=\"elementor-element elementor-element-92b67e1 elementor-widget__width-initial elementor-view-default elementor-widget elementor-widget-icon\" data-id=\"92b67e1\" data-element_type=\"widget\" data-widget_type=\"icon.default\">\n\t\t\t\t<div class=\"elementor-widget-container\">\n\t\t\t\t\t\t\t<div class=\"elementor-icon-wrapper\">\n\t\t\t<a class=\"elementor-icon\" href=\"https:\/\/www.facebook.com\/reamecpolouea\">\n\t\t\t<i aria-hidden=\"true\" class=\"fab fa-facebook-square\"><\/i>\t\t\t<\/a>\n\t\t<\/div>\n\t\t\t\t\t\t<\/div>\n\t\t\t\t<\/div>\n\t\t\t\t<div class=\"elementor-element elementor-element-922610c elementor-widget__width-initial elementor-widget elementor-widget-text-editor\" data-id=\"922610c\" data-element_type=\"widget\" data-widget_type=\"text-editor.default\">\n\t\t\t\t<div class=\"elementor-widget-container\">\n\t\t\t\t\t\t\t\t\t<p><a href=\"https:\/\/www.facebook.com\/reamecpolouea\/\" target=\"_blank\" rel=\"noopener\"><span style=\"color: #060606; text-align: center;\">Reamec\u00a0 Polo Uea<\/span><\/a><\/p>\t\t\t\t\t\t\t\t<\/div>\n\t\t\t\t<\/div>\n\t\t\t\t<div class=\"elementor-element elementor-element-814c9b0 elementor-widget__width-initial elementor-view-default elementor-widget elementor-widget-icon\" data-id=\"814c9b0\" data-element_type=\"widget\" data-widget_type=\"icon.default\">\n\t\t\t\t<div class=\"elementor-widget-container\">\n\t\t\t\t\t\t\t<div class=\"elementor-icon-wrapper\">\n\t\t\t<a class=\"elementor-icon\" href=\"https:\/\/instagram.com\/reamecuea?igshid=ZDdkNTZiNTM=\">\n\t\t\t<i aria-hidden=\"true\" class=\"fab fa-instagram\"><\/i>\t\t\t<\/a>\n\t\t<\/div>\n\t\t\t\t\t\t<\/div>\n\t\t\t\t<\/div>\n\t\t\t\t<div class=\"elementor-element elementor-element-78d556d elementor-widget__width-initial elementor-widget elementor-widget-text-editor\" data-id=\"78d556d\" data-element_type=\"widget\" data-widget_type=\"text-editor.default\">\n\t\t\t\t<div class=\"elementor-widget-container\">\n\t\t\t\t\t\t\t\t\t<p><a href=\"https:\/\/l.instagram.com\/?u=https%3A%2F%2Freamec.uea.edu.br%2F&amp;e=AT2jJ1wFLzB2FYtmSDjbNzW7Y3pCR3YhcinCEI1ht22occwinGbDasiAbWMruWk25jAI5qKuOV0YDcoMvHxXmIBNqgeorzDvvd-t3X4\" target=\"_blank\" rel=\"noopener\"><span style=\"color: #060606; text-align: center;\">@reamecuea<\/span><\/a><\/p>\t\t\t\t\t\t\t\t<\/div>\n\t\t\t\t<\/div>\n\t\t\t\t<div class=\"elementor-element elementor-element-4d2b7b6 elementor-widget__width-initial elementor-view-default elementor-widget elementor-widget-icon\" data-id=\"4d2b7b6\" data-element_type=\"widget\" data-widget_type=\"icon.default\">\n\t\t\t\t<div class=\"elementor-widget-container\">\n\t\t\t\t\t\t\t<div class=\"elementor-icon-wrapper\">\n\t\t\t<div class=\"elementor-icon\">\n\t\t\t<i aria-hidden=\"true\" class=\"far fa-envelope\"><\/i>\t\t\t<\/div>\n\t\t<\/div>\n\t\t\t\t\t\t<\/div>\n\t\t\t\t<\/div>\n\t\t\t\t<div class=\"elementor-element elementor-element-12d7d24 elementor-widget__width-initial elementor-widget elementor-widget-text-editor\" data-id=\"12d7d24\" data-element_type=\"widget\" data-widget_type=\"text-editor.default\">\n\t\t\t\t<div class=\"elementor-widget-container\">\n\t\t\t\t\t\t\t\t\t<p><span style=\"color: #060606; text-align: center;\">reamec@uea.edu.br<\/span><\/p>\t\t\t\t\t\t\t\t<\/div>\n\t\t\t\t<\/div>\n\t\t\t\t<div class=\"elementor-element elementor-element-144a249 elementor-widget__width-initial elementor-view-default elementor-widget elementor-widget-icon\" data-id=\"144a249\" data-element_type=\"widget\" data-widget_type=\"icon.default\">\n\t\t\t\t<div class=\"elementor-widget-container\">\n\t\t\t\t\t\t\t<div class=\"elementor-icon-wrapper\">\n\t\t\t<div class=\"elementor-icon\">\n\t\t\t<i aria-hidden=\"true\" class=\"fas fa-phone-alt\"><\/i>\t\t\t<\/div>\n\t\t<\/div>\n\t\t\t\t\t\t<\/div>\n\t\t\t\t<\/div>\n\t\t\t\t<div class=\"elementor-element elementor-element-770312e elementor-widget__width-initial elementor-widget elementor-widget-text-editor\" data-id=\"770312e\" data-element_type=\"widget\" data-widget_type=\"text-editor.default\">\n\t\t\t\t<div class=\"elementor-widget-container\">\n\t\t\t\t\t\t\t\t\t<p><span style=\"color: rgb(6, 6, 6); text-align: center;\">92 3878-7726<\/span><br><\/p>\t\t\t\t\t\t\t\t<\/div>\n\t\t\t\t<\/div>\n\t\t\t\t\t<\/div>\n\t\t<\/div>\n\t\t\t\t<div class=\"elementor-column elementor-col-50 elementor-top-column elementor-element elementor-element-908a4c1\" data-id=\"908a4c1\" data-element_type=\"column\">\n\t\t\t<div class=\"elementor-widget-wrap elementor-element-populated\">\n\t\t\t\t\t\t<div class=\"elementor-element elementor-element-ccadd89 elementor-widget elementor-widget-google_maps\" data-id=\"ccadd89\" data-element_type=\"widget\" data-widget_type=\"google_maps.default\">\n\t\t\t\t<div class=\"elementor-widget-container\">\n\t\t\t\t\t\t\t<div class=\"elementor-custom-embed\">\n\t\t\t<iframe loading=\"lazy\"\n\t\t\t\t\tsrc=\"https:\/\/maps.google.com\/maps?q=Escola%20Normal%20Supeior&#038;t=m&#038;z=10&#038;output=embed&#038;iwloc=near\"\n\t\t\t\t\ttitle=\"Escola Normal Supeior\"\n\t\t\t\t\taria-label=\"Escola Normal Supeior\"\n\t\t\t><\/iframe>\n\t\t<\/div>\n\t\t\t\t\t\t<\/div>\n\t\t\t\t<\/div>\n\t\t\t\t\t<\/div>\n\t\t<\/div>\n\t\t\t\t\t<\/div>\n\t\t<\/section>\n\t\t\t\t<\/div>\n\t\t","protected":false},"excerpt":{"rendered":"<p>\u00daltimas Noticias Disciplina exclusiva para a turma de 2021 da Rede Amaz\u00f4nica de Educa\u00e7\u00e3o em Ci\u00eancias e Matem\u00e1tica (REAMEC), e que ocorrer\u00e1 em Manaus &#8211; Amazonas, administrada pelo Polo UEA, que realizar\u00e1 a disciplina com foco na forma\u00e7\u00e3o dos discentes como futuros doutores e incentiv\u00e1-los em sua pesquisa em busca sempre de melhorias. ENTRE EM CONTATO CONOSCO Reamec\u00a0 Polo Uea @reamecuea reamec@uea.edu.br 92 3878-7726<\/p>\n","protected":false},"author":1,"featured_media":0,"parent":0,"menu_order":0,"comment_status":"closed","ping_status":"closed","template":"elementor_header_footer","meta":{"footnotes":""},"class_list":["post-1513","page","type-page","status-publish","hentry"],"_links":{"self":[{"href":"http:\/\/reamec.uea.edu.br\/index.php\/wp-json\/wp\/v2\/pages\/1513","targetHints":{"allow":["GET"]}}],"collection":[{"href":"http:\/\/reamec.uea.edu.br\/index.php\/wp-json\/wp\/v2\/pages"}],"about":[{"href":"http:\/\/reamec.uea.edu.br\/index.php\/wp-json\/wp\/v2\/types\/page"}],"author":[{"embeddable":true,"href":"http:\/\/reamec.uea.edu.br\/index.php\/wp-json\/wp\/v2\/users\/1"}],"replies":[{"embeddable":true,"href":"http:\/\/reamec.uea.edu.br\/index.php\/wp-json\/wp\/v2\/comments?post=1513"}],"version-history":[{"count":20,"href":"http:\/\/reamec.uea.edu.br\/index.php\/wp-json\/wp\/v2\/pages\/1513\/revisions"}],"predecessor-version":[{"id":1990,"href":"http:\/\/reamec.uea.edu.br\/index.php\/wp-json\/wp\/v2\/pages\/1513\/revisions\/1990"}],"wp:attachment":[{"href":"http:\/\/reamec.uea.edu.br\/index.php\/wp-json\/wp\/v2\/media?parent=1513"}],"curies":[{"name":"wp","href":"https:\/\/api.w.org\/{rel}","templated":true}]}}