{"id":2027,"date":"2023-08-11T13:52:36","date_gmt":"2023-08-11T16:52:36","guid":{"rendered":"http:\/\/reamec.uea.edu.br\/?page_id=2027"},"modified":"2025-09-01T09:58:43","modified_gmt":"2025-09-01T12:58:43","slug":"informacoes","status":"publish","type":"page","link":"http:\/\/reamec.uea.edu.br\/index.php\/informacoes\/","title":{"rendered":"Informa\u00e7\u00f5es &#8211; Alternativo"},"content":{"rendered":"\t\t<div data-elementor-type=\"wp-page\" data-elementor-id=\"2027\" class=\"elementor elementor-2027\">\n\t\t\t\t\t\t<section class=\"elementor-section elementor-top-section elementor-element elementor-element-5e3f512 elementor-section-boxed elementor-section-height-default elementor-section-height-default\" data-id=\"5e3f512\" data-element_type=\"section\">\n\t\t\t\t\t\t<div class=\"elementor-container elementor-column-gap-default\">\n\t\t\t\t\t<div class=\"elementor-column elementor-col-100 elementor-top-column elementor-element elementor-element-3b8c6d8\" data-id=\"3b8c6d8\" data-element_type=\"column\">\n\t\t\t<div class=\"elementor-widget-wrap elementor-element-populated\">\n\t\t\t\t\t\t<div class=\"elementor-element elementor-element-eaea8dd elementor-widget elementor-widget-spacer\" data-id=\"eaea8dd\" data-element_type=\"widget\" data-widget_type=\"spacer.default\">\n\t\t\t\t<div class=\"elementor-widget-container\">\n\t\t\t\t\t\t\t<div class=\"elementor-spacer\">\n\t\t\t<div class=\"elementor-spacer-inner\"><\/div>\n\t\t<\/div>\n\t\t\t\t\t\t<\/div>\n\t\t\t\t<\/div>\n\t\t\t\t\t<\/div>\n\t\t<\/div>\n\t\t\t\t\t<\/div>\n\t\t<\/section>\n\t\t\t\t<section class=\"elementor-section elementor-top-section elementor-element elementor-element-eb0d6cc elementor-section-boxed elementor-section-height-default elementor-section-height-default\" data-id=\"eb0d6cc\" data-element_type=\"section\">\n\t\t\t\t\t\t<div class=\"elementor-container elementor-column-gap-default\">\n\t\t\t\t\t<div class=\"elementor-column elementor-col-25 elementor-top-column elementor-element elementor-element-9fcf1e1\" data-id=\"9fcf1e1\" data-element_type=\"column\">\n\t\t\t<div class=\"elementor-widget-wrap elementor-element-populated\">\n\t\t\t\t\t\t<div class=\"elementor-element elementor-element-bbacf4a elementor-widget elementor-widget-image\" data-id=\"bbacf4a\" data-element_type=\"widget\" data-widget_type=\"image.default\">\n\t\t\t\t<div class=\"elementor-widget-container\">\n\t\t\t\t\t\t\t\t\t\t\t\t<figure class=\"wp-caption\">\n\t\t\t\t\t\t\t\t\t\t<img decoding=\"async\" src=\"http:\/\/reamec.uea.edu.br\/wp-content\/uploads\/elementor\/thumbs\/2-qarfmqqwnqccgm5gq2czjm2m4rvuj53oxzktvoo4tw.png\" title=\"Editais\" alt=\"Editais\" loading=\"lazy\" \/>\t\t\t\t\t\t\t\t\t\t\t<figcaption class=\"widget-image-caption wp-caption-text\">Editais<\/figcaption>\n\t\t\t\t\t\t\t\t\t\t<\/figure>\n\t\t\t\t\t\t\t\t\t<\/div>\n\t\t\t\t<\/div>\n\t\t\t\t<div class=\"elementor-element elementor-element-00176dd elementor-tabs-alignment-stretch elementor-tabs-view-horizontal elementor-widget elementor-widget-tabs\" data-id=\"00176dd\" data-element_type=\"widget\" data-widget_type=\"tabs.default\">\n\t\t\t\t<div class=\"elementor-widget-container\">\n\t\t\t\t\t\t\t<div class=\"elementor-tabs\">\n\t\t\t<div class=\"elementor-tabs-wrapper\" role=\"tablist\" >\n\t\t\t\t\t\t\t\t\t<div id=\"elementor-tab-title-9591\" class=\"elementor-tab-title elementor-tab-desktop-title\" aria-selected=\"true\" data-tab=\"1\" role=\"tab\" tabindex=\"0\" aria-controls=\"elementor-tab-content-9591\" aria-expanded=\"false\">Editais<\/div>\n\t\t\t\t\t\t\t<\/div>\n\t\t\t<div class=\"elementor-tabs-content-wrapper\" role=\"tablist\" aria-orientation=\"vertical\">\n\t\t\t\t\t\t\t\t\t<div class=\"elementor-tab-title elementor-tab-mobile-title\" aria-selected=\"true\" data-tab=\"1\" role=\"tab\" tabindex=\"0\" aria-controls=\"elementor-tab-content-9591\" aria-expanded=\"false\">Editais<\/div>\n\t\t\t\t\t<div id=\"elementor-tab-content-9591\" class=\"elementor-tab-content elementor-clearfix\" data-tab=\"1\" role=\"tabpanel\" aria-labelledby=\"elementor-tab-title-9591\" tabindex=\"0\" hidden=\"false\"><p><a href=\"https:\/\/bit.ly\/47P94PT\"><strong>Edital REAMEC &#8211; Ano 2025<\/strong><\/a>\u00a0<strong>(Retifica\u00e7\u00e3o N.\u00b0 03)<\/strong><\/p><p><strong><span style=\"color: #ff914d;\"><a style=\"color: #ff914d;\" href=\"http:\/\/reamec.uea.edu.br\/wp-content\/uploads\/2023\/08\/edital-REAMEC-2023.pdf\" rel=\"attachment wp-att-2036\">Edital REAMEC &#8211; Ano 2023<\/a><\/span><\/strong><strong><br \/><\/strong><\/p><p><strong><span style=\"color: #ff914d;\"><a style=\"color: #ff914d;\" href=\"http:\/\/reamec.uea.edu.br\/wp-content\/uploads\/2023\/08\/Edital-REAMEC-2021.pdf\" target=\"_blank\" rel=\"noopener\">Edital REAMEC &#8211; Ano 2021<\/a><\/span><\/strong><\/p><p><strong>\u00a0<\/strong><\/p><p><a href=\"https:\/\/c55a3dc3-7dd1-4950-9863-7476f91d7825.filesusr.com\/ugd\/822a6e_22864fdc2ff34869b44b5d1b7a465026.pdf\"><strong><span style=\"color: #f7914f;\">Regimento do Programa<\/span><\/strong><\/a><\/p><\/div>\n\t\t\t\t\t\t\t<\/div>\n\t\t<\/div>\n\t\t\t\t\t\t<\/div>\n\t\t\t\t<\/div>\n\t\t\t\t\t<\/div>\n\t\t<\/div>\n\t\t\t\t<div class=\"elementor-column elementor-col-25 elementor-top-column elementor-element elementor-element-0d618d3\" data-id=\"0d618d3\" data-element_type=\"column\">\n\t\t\t<div class=\"elementor-widget-wrap elementor-element-populated\">\n\t\t\t\t\t\t<div class=\"elementor-element elementor-element-1a4eb58 elementor-widget elementor-widget-image\" data-id=\"1a4eb58\" data-element_type=\"widget\" data-widget_type=\"image.default\">\n\t\t\t\t<div class=\"elementor-widget-container\">\n\t\t\t\t\t\t\t\t\t\t\t\t<figure class=\"wp-caption\">\n\t\t\t\t\t\t\t\t\t\t<img decoding=\"async\" src=\"http:\/\/reamec.uea.edu.br\/wp-content\/uploads\/elementor\/thumbs\/3-qarfpzaw76rwg9g5tgqq4snrsjxd1lyeq0h1dzvbec.png\" title=\"Resultados\" alt=\"Resultados\" loading=\"lazy\" \/>\t\t\t\t\t\t\t\t\t\t\t<figcaption class=\"widget-image-caption wp-caption-text\">Resultados<\/figcaption>\n\t\t\t\t\t\t\t\t\t\t<\/figure>\n\t\t\t\t\t\t\t\t\t<\/div>\n\t\t\t\t<\/div>\n\t\t\t\t<div class=\"elementor-element elementor-element-864c9cd elementor-tabs-alignment-stretch elementor-tabs-view-horizontal elementor-widget elementor-widget-tabs\" data-id=\"864c9cd\" data-element_type=\"widget\" data-widget_type=\"tabs.default\">\n\t\t\t\t<div class=\"elementor-widget-container\">\n\t\t\t\t\t\t\t<div class=\"elementor-tabs\">\n\t\t\t<div class=\"elementor-tabs-wrapper\" role=\"tablist\" >\n\t\t\t\t\t\t\t\t\t<div id=\"elementor-tab-title-1401\" class=\"elementor-tab-title elementor-tab-desktop-title\" aria-selected=\"true\" data-tab=\"1\" role=\"tab\" tabindex=\"0\" aria-controls=\"elementor-tab-content-1401\" aria-expanded=\"false\">Resultados<\/div>\n\t\t\t\t\t\t\t<\/div>\n\t\t\t<div class=\"elementor-tabs-content-wrapper\" role=\"tablist\" aria-orientation=\"vertical\">\n\t\t\t\t\t\t\t\t\t<div class=\"elementor-tab-title elementor-tab-mobile-title\" aria-selected=\"true\" data-tab=\"1\" role=\"tab\" tabindex=\"0\" aria-controls=\"elementor-tab-content-1401\" aria-expanded=\"false\">Resultados<\/div>\n\t\t\t\t\t<div id=\"elementor-tab-content-1401\" class=\"elementor-tab-content elementor-clearfix\" data-tab=\"1\" role=\"tabpanel\" aria-labelledby=\"elementor-tab-title-1401\" tabindex=\"0\" hidden=\"false\"><p><span style=\"color: #16be62;\"><strong>Turma 2021<\/strong><\/span><\/p><p style=\"padding-left: 40px;\"><span style=\"color: #ff914d;\"><strong><a style=\"color: #ff914d;\" href=\"http:\/\/reamec.uea.edu.br\/wp-content\/uploads\/2023\/08\/Resultados-1-Etapa-2021.pdf\">Resultado &#8211; 1\u00b0 Etapa<\/a><\/strong><\/span><br \/><span style=\"color: #ff914d;\"><strong><a style=\"color: #ff914d;\" href=\"http:\/\/reamec.uea.edu.br\/wp-content\/uploads\/2023\/08\/Resultados-2-Etapa-2021.pdf\">Resultado &#8211; 2\u00b0 Etapa<\/a><\/strong><\/span><br \/><span style=\"color: #ff914d;\"><strong><a style=\"color: #ff914d;\" href=\"http:\/\/reamec.uea.edu.br\/wp-content\/uploads\/2023\/08\/Resultados-3-Etapa-2021.pdf\">Resultado &#8211; 3\u00b0 Etapa<\/a><\/strong><\/span><br \/><span style=\"color: #ff914d;\"><strong><a style=\"color: #ff914d;\" href=\"http:\/\/reamec.uea.edu.br\/wp-content\/uploads\/2023\/08\/Resultados-Final-2021.pdf\">Resultado Final<\/a><\/strong><\/span><\/p><p><span style=\"color: #16be62;\"><strong>Turma 2023<\/strong><\/span><\/p><p style=\"padding-left: 40px;\"><span style=\"color: #ff914d;\"><strong><a style=\"color: #ff914d;\" href=\"http:\/\/reamec.uea.edu.br\/wp-content\/uploads\/2023\/08\/Resultados-1-Etapa-2023.pdf\">Resultado &#8211; 1\u00b0 Etapa<\/a><\/strong><\/span><br \/><span style=\"color: #ff914d;\"><strong><a style=\"color: #ff914d;\" href=\"http:\/\/reamec.uea.edu.br\/wp-content\/uploads\/2023\/08\/Resultados-2-Etapa-2023.pdf\">Resultado &#8211; 2\u00b0 Etapa<\/a><\/strong><\/span><br \/><span style=\"color: #ff914d;\"><strong><a style=\"color: #ff914d;\" href=\"http:\/\/reamec.uea.edu.br\/wp-content\/uploads\/2023\/08\/Resultados-3-Etapa-2023.pdf\">Resultado &#8211; 3\u00b0 Etapa<\/a><\/strong><\/span><br \/><span style=\"color: #ff914d;\"><strong><a style=\"color: #ff914d;\" href=\"http:\/\/reamec.uea.edu.br\/wp-content\/uploads\/2023\/08\/Resultados-Final-2023.pdf\">Resultado Final<\/a><\/strong><\/span><\/p><p style=\"padding-left: 40px;\"><span style=\"color: #ff914d;\"><a style=\"color: #ff914d;\" href=\"http:\/\/reamec.uea.edu.br\/wp-content\/uploads\/2023\/08\/inscricoes_homologadas-2023.pdf\"><strong>Inscri\u00e7\u00f5es Homologadas<\/strong><\/a><\/span><\/p><\/div>\n\t\t\t\t\t\t\t<\/div>\n\t\t<\/div>\n\t\t\t\t\t\t<\/div>\n\t\t\t\t<\/div>\n\t\t\t\t\t<\/div>\n\t\t<\/div>\n\t\t\t\t<div class=\"elementor-column elementor-col-25 elementor-top-column elementor-element elementor-element-882c5c5\" data-id=\"882c5c5\" data-element_type=\"column\">\n\t\t\t<div class=\"elementor-widget-wrap elementor-element-populated\">\n\t\t\t\t\t\t<div class=\"elementor-element elementor-element-4158a54 elementor-widget elementor-widget-image\" data-id=\"4158a54\" data-element_type=\"widget\" data-widget_type=\"image.default\">\n\t\t\t\t<div class=\"elementor-widget-container\">\n\t\t\t\t\t\t\t\t\t\t\t\t<figure class=\"wp-caption\">\n\t\t\t\t\t\t\t\t\t\t<img decoding=\"async\" src=\"http:\/\/reamec.uea.edu.br\/wp-content\/uploads\/elementor\/thumbs\/4-qarfscu7h40zsrzwxzprxp2pum7ri2dzdru826cho4.png\" title=\"Eventos\" alt=\"Eventos\" loading=\"lazy\" \/>\t\t\t\t\t\t\t\t\t\t\t<figcaption class=\"widget-image-caption wp-caption-text\">Eventos<\/figcaption>\n\t\t\t\t\t\t\t\t\t\t<\/figure>\n\t\t\t\t\t\t\t\t\t<\/div>\n\t\t\t\t<\/div>\n\t\t\t\t<div class=\"elementor-element elementor-element-c6b4468 elementor-tabs-alignment-stretch elementor-tabs-view-horizontal elementor-widget elementor-widget-tabs\" data-id=\"c6b4468\" data-element_type=\"widget\" data-widget_type=\"tabs.default\">\n\t\t\t\t<div class=\"elementor-widget-container\">\n\t\t\t\t\t\t\t<div class=\"elementor-tabs\">\n\t\t\t<div class=\"elementor-tabs-wrapper\" role=\"tablist\" >\n\t\t\t\t\t\t\t\t\t<div id=\"elementor-tab-title-2081\" class=\"elementor-tab-title elementor-tab-desktop-title\" aria-selected=\"true\" data-tab=\"1\" role=\"tab\" tabindex=\"0\" aria-controls=\"elementor-tab-content-2081\" aria-expanded=\"false\">LASERA<\/div>\n\t\t\t\t\t\t\t<\/div>\n\t\t\t<div class=\"elementor-tabs-content-wrapper\" role=\"tablist\" aria-orientation=\"vertical\">\n\t\t\t\t\t\t\t\t\t<div class=\"elementor-tab-title elementor-tab-mobile-title\" aria-selected=\"true\" data-tab=\"1\" role=\"tab\" tabindex=\"0\" aria-controls=\"elementor-tab-content-2081\" aria-expanded=\"false\">LASERA<\/div>\n\t\t\t\t\t<div id=\"elementor-tab-content-2081\" class=\"elementor-tab-content elementor-clearfix\" data-tab=\"1\" role=\"tabpanel\" aria-labelledby=\"elementor-tab-title-2081\" tabindex=\"0\" hidden=\"false\"><p><a href=\"https:\/\/reamec.uea.edu.br\/index.php\/lasera-edicao-2025\/\" target=\"_blank\">XII Simp\u00f3sio &#8211; 2025<\/a><\/p>\n<p><strong><span style=\"color: #ff914d;\"><a style=\"color: #ff914d;\" href=\"https:\/\/reamec.uea.edu.br\/index.php\/lasera-edicao-2023\/\">X Simp\u00f3sio &#8211; 2023<\/a><\/span><\/strong><\/p>\n<p><strong><span style=\"color: #ff914d;\"><a style=\"color: #ff914d;\" href=\"https:\/\/reamec.uea.edu.br\/index.php\/1785-2\/\" target=\"_blank\" rel=\"noopener\">IX Simp\u00f3sio &#8211; 2022<\/a><\/span><\/strong><\/p><\/div>\n\t\t\t\t\t\t\t<\/div>\n\t\t<\/div>\n\t\t\t\t\t\t<\/div>\n\t\t\t\t<\/div>\n\t\t\t\t<div class=\"elementor-element elementor-element-35f0380 elementor-tabs-alignment-stretch elementor-tabs-view-horizontal elementor-widget elementor-widget-tabs\" data-id=\"35f0380\" data-element_type=\"widget\" data-widget_type=\"tabs.default\">\n\t\t\t\t<div class=\"elementor-widget-container\">\n\t\t\t\t\t\t\t<div class=\"elementor-tabs\">\n\t\t\t<div class=\"elementor-tabs-wrapper\" role=\"tablist\" >\n\t\t\t\t\t\t\t\t\t<div id=\"elementor-tab-title-5651\" class=\"elementor-tab-title elementor-tab-desktop-title\" aria-selected=\"true\" data-tab=\"1\" role=\"tab\" tabindex=\"0\" aria-controls=\"elementor-tab-content-5651\" aria-expanded=\"false\">Semin\u00e1rio de Pesquisa<\/div>\n\t\t\t\t\t\t\t<\/div>\n\t\t\t<div class=\"elementor-tabs-content-wrapper\" role=\"tablist\" aria-orientation=\"vertical\">\n\t\t\t\t\t\t\t\t\t<div class=\"elementor-tab-title elementor-tab-mobile-title\" aria-selected=\"true\" data-tab=\"1\" role=\"tab\" tabindex=\"0\" aria-controls=\"elementor-tab-content-5651\" aria-expanded=\"false\">Semin\u00e1rio de Pesquisa<\/div>\n\t\t\t\t\t<div id=\"elementor-tab-content-5651\" class=\"elementor-tab-content elementor-clearfix\" data-tab=\"1\" role=\"tabpanel\" aria-labelledby=\"elementor-tab-title-5651\" tabindex=\"0\" hidden=\"false\"><p><strong><span style=\"color: #ff914d;\">Turma 2021<\/span><\/strong><\/p><\/div>\n\t\t\t\t\t\t\t<\/div>\n\t\t<\/div>\n\t\t\t\t\t\t<\/div>\n\t\t\t\t<\/div>\n\t\t\t\t\t<\/div>\n\t\t<\/div>\n\t\t\t\t<div class=\"elementor-column elementor-col-25 elementor-top-column elementor-element elementor-element-04fb08e\" data-id=\"04fb08e\" data-element_type=\"column\">\n\t\t\t<div class=\"elementor-widget-wrap elementor-element-populated\">\n\t\t\t\t\t\t<div class=\"elementor-element elementor-element-fe998b3 elementor-widget elementor-widget-image\" data-id=\"fe998b3\" data-element_type=\"widget\" data-widget_type=\"image.default\">\n\t\t\t\t<div class=\"elementor-widget-container\">\n\t\t\t\t\t\t\t\t\t\t\t\t<figure class=\"wp-caption\">\n\t\t\t\t\t\t\t\t\t\t\t<a href=\"https:\/\/reamec.uea.edu.br\/index.php\/elementor-1513\/\">\n\t\t\t\t\t\t\t<img decoding=\"async\" src=\"http:\/\/reamec.uea.edu.br\/wp-content\/uploads\/elementor\/thumbs\/icone_noticias-qarjqagvgibox1tw5cdqfvof16n1spuuwa5oubwe44.png\" title=\"icone_noticias\" alt=\"Not\u00edcias\" loading=\"lazy\" \/>\t\t\t\t\t\t\t\t<\/a>\n\t\t\t\t\t\t\t\t\t\t\t<figcaption class=\"widget-image-caption wp-caption-text\">Not\u00edcias<\/figcaption>\n\t\t\t\t\t\t\t\t\t\t<\/figure>\n\t\t\t\t\t\t\t\t\t<\/div>\n\t\t\t\t<\/div>\n\t\t\t\t<div class=\"elementor-element elementor-element-dec8d0c elementor-widget elementor-widget-text-editor\" data-id=\"dec8d0c\" data-element_type=\"widget\" data-widget_type=\"text-editor.default\">\n\t\t\t\t<div class=\"elementor-widget-container\">\n\t\t\t\t\t\t\t\t\t<p>Confira aqui as atualiza\u00e7\u00f5es mais recentes !<\/p>\t\t\t\t\t\t\t\t<\/div>\n\t\t\t\t<\/div>\n\t\t\t\t\t<\/div>\n\t\t<\/div>\n\t\t\t\t\t<\/div>\n\t\t<\/section>\n\t\t\t\t<section class=\"elementor-section elementor-top-section elementor-element elementor-element-581610c elementor-section-boxed elementor-section-height-default elementor-section-height-default\" data-id=\"581610c\" data-element_type=\"section\">\n\t\t\t\t\t\t<div class=\"elementor-container elementor-column-gap-default\">\n\t\t\t\t\t<div class=\"elementor-column elementor-col-100 elementor-top-column elementor-element elementor-element-c6beedc\" data-id=\"c6beedc\" data-element_type=\"column\">\n\t\t\t<div class=\"elementor-widget-wrap elementor-element-populated\">\n\t\t\t\t\t\t<div class=\"elementor-element elementor-element-498657a elementor-widget elementor-widget-spacer\" data-id=\"498657a\" data-element_type=\"widget\" data-widget_type=\"spacer.default\">\n\t\t\t\t<div class=\"elementor-widget-container\">\n\t\t\t\t\t\t\t<div class=\"elementor-spacer\">\n\t\t\t<div class=\"elementor-spacer-inner\"><\/div>\n\t\t<\/div>\n\t\t\t\t\t\t<\/div>\n\t\t\t\t<\/div>\n\t\t\t\t\t<\/div>\n\t\t<\/div>\n\t\t\t\t\t<\/div>\n\t\t<\/section>\n\t\t\t\t<section class=\"elementor-section elementor-top-section elementor-element elementor-element-9d4c18c elementor-section-boxed elementor-section-height-default elementor-section-height-default\" data-id=\"9d4c18c\" data-element_type=\"section\" data-settings=\"{&quot;background_background&quot;:&quot;gradient&quot;}\">\n\t\t\t\t\t\t<div class=\"elementor-container elementor-column-gap-default\">\n\t\t\t\t\t<div class=\"elementor-column elementor-col-100 elementor-top-column elementor-element elementor-element-55eb04a\" data-id=\"55eb04a\" data-element_type=\"column\" data-settings=\"{&quot;background_background&quot;:&quot;gradient&quot;}\">\n\t\t\t<div class=\"elementor-widget-wrap elementor-element-populated\">\n\t\t\t\t\t\t<div class=\"elementor-element elementor-element-1aa511a elementor-widget elementor-widget-heading\" data-id=\"1aa511a\" data-element_type=\"widget\" data-widget_type=\"heading.default\">\n\t\t\t\t<div class=\"elementor-widget-container\">\n\t\t\t\t\t<h2 class=\"elementor-heading-title elementor-size-default\"><br>ENTRE EM CONTATO CONOSCO<\/h2>\t\t\t\t<\/div>\n\t\t\t\t<\/div>\n\t\t\t\t\t<\/div>\n\t\t<\/div>\n\t\t\t\t\t<\/div>\n\t\t<\/section>\n\t\t\t\t<section class=\"elementor-section elementor-top-section elementor-element elementor-element-26f3083 elementor-section-boxed elementor-section-height-default elementor-section-height-default\" data-id=\"26f3083\" data-element_type=\"section\" data-settings=\"{&quot;background_background&quot;:&quot;gradient&quot;}\">\n\t\t\t\t\t\t<div class=\"elementor-container elementor-column-gap-default\">\n\t\t\t\t\t<div class=\"elementor-column elementor-col-50 elementor-top-column elementor-element elementor-element-36fe1c6\" data-id=\"36fe1c6\" data-element_type=\"column\" data-settings=\"{&quot;background_background&quot;:&quot;gradient&quot;}\">\n\t\t\t<div class=\"elementor-widget-wrap elementor-element-populated\">\n\t\t\t\t\t\t<div class=\"elementor-element elementor-element-7a7618d elementor-widget__width-initial elementor-view-default elementor-widget elementor-widget-icon\" data-id=\"7a7618d\" data-element_type=\"widget\" data-widget_type=\"icon.default\">\n\t\t\t\t<div class=\"elementor-widget-container\">\n\t\t\t\t\t\t\t<div class=\"elementor-icon-wrapper\">\n\t\t\t<a class=\"elementor-icon\" href=\"https:\/\/www.facebook.com\/reamecpolouea\">\n\t\t\t<i aria-hidden=\"true\" class=\"fab fa-facebook-square\"><\/i>\t\t\t<\/a>\n\t\t<\/div>\n\t\t\t\t\t\t<\/div>\n\t\t\t\t<\/div>\n\t\t\t\t<div class=\"elementor-element elementor-element-c25cef1 elementor-widget__width-initial elementor-widget elementor-widget-text-editor\" data-id=\"c25cef1\" data-element_type=\"widget\" data-widget_type=\"text-editor.default\">\n\t\t\t\t<div class=\"elementor-widget-container\">\n\t\t\t\t\t\t\t\t\t<p><span style=\"color: #060606; text-align: center;\">Reamec\u00a0 Polo Uea<\/span><\/p>\t\t\t\t\t\t\t\t<\/div>\n\t\t\t\t<\/div>\n\t\t\t\t<div class=\"elementor-element elementor-element-9451845 elementor-widget__width-initial elementor-view-default elementor-widget elementor-widget-icon\" data-id=\"9451845\" data-element_type=\"widget\" data-widget_type=\"icon.default\">\n\t\t\t\t<div class=\"elementor-widget-container\">\n\t\t\t\t\t\t\t<div class=\"elementor-icon-wrapper\">\n\t\t\t<a class=\"elementor-icon\" href=\"https:\/\/instagram.com\/reamecuea?igshid=ZDdkNTZiNTM=\">\n\t\t\t<i aria-hidden=\"true\" class=\"fab fa-instagram\"><\/i>\t\t\t<\/a>\n\t\t<\/div>\n\t\t\t\t\t\t<\/div>\n\t\t\t\t<\/div>\n\t\t\t\t<div class=\"elementor-element elementor-element-dc4c8b1 elementor-widget__width-initial elementor-widget elementor-widget-text-editor\" data-id=\"dc4c8b1\" data-element_type=\"widget\" data-widget_type=\"text-editor.default\">\n\t\t\t\t<div class=\"elementor-widget-container\">\n\t\t\t\t\t\t\t\t\t<p><span style=\"color: #060606; text-align: center;\">@reamecuea<\/span><\/p>\t\t\t\t\t\t\t\t<\/div>\n\t\t\t\t<\/div>\n\t\t\t\t<div class=\"elementor-element elementor-element-9ec703a elementor-widget__width-initial elementor-view-default elementor-widget elementor-widget-icon\" data-id=\"9ec703a\" data-element_type=\"widget\" data-widget_type=\"icon.default\">\n\t\t\t\t<div class=\"elementor-widget-container\">\n\t\t\t\t\t\t\t<div class=\"elementor-icon-wrapper\">\n\t\t\t<div class=\"elementor-icon\">\n\t\t\t<i aria-hidden=\"true\" class=\"far fa-envelope\"><\/i>\t\t\t<\/div>\n\t\t<\/div>\n\t\t\t\t\t\t<\/div>\n\t\t\t\t<\/div>\n\t\t\t\t<div class=\"elementor-element elementor-element-2ab35cd elementor-widget__width-initial elementor-widget elementor-widget-text-editor\" data-id=\"2ab35cd\" data-element_type=\"widget\" data-widget_type=\"text-editor.default\">\n\t\t\t\t<div class=\"elementor-widget-container\">\n\t\t\t\t\t\t\t\t\t<p><span style=\"color: rgb(6, 6, 6); text-align: center;\">reamec@uea.edu.br<\/span><br><\/p>\t\t\t\t\t\t\t\t<\/div>\n\t\t\t\t<\/div>\n\t\t\t\t<div class=\"elementor-element elementor-element-9b0da05 elementor-widget__width-initial elementor-view-default elementor-widget elementor-widget-icon\" data-id=\"9b0da05\" data-element_type=\"widget\" data-widget_type=\"icon.default\">\n\t\t\t\t<div class=\"elementor-widget-container\">\n\t\t\t\t\t\t\t<div class=\"elementor-icon-wrapper\">\n\t\t\t<div class=\"elementor-icon\">\n\t\t\t<i aria-hidden=\"true\" class=\"fas fa-phone-alt\"><\/i>\t\t\t<\/div>\n\t\t<\/div>\n\t\t\t\t\t\t<\/div>\n\t\t\t\t<\/div>\n\t\t\t\t<div class=\"elementor-element elementor-element-61fbdda elementor-widget__width-initial elementor-widget elementor-widget-text-editor\" data-id=\"61fbdda\" data-element_type=\"widget\" data-widget_type=\"text-editor.default\">\n\t\t\t\t<div class=\"elementor-widget-container\">\n\t\t\t\t\t\t\t\t\t<p><span style=\"color: #060606; text-align: center;\">92 3878-7726<\/span><\/p>\t\t\t\t\t\t\t\t<\/div>\n\t\t\t\t<\/div>\n\t\t\t\t\t<\/div>\n\t\t<\/div>\n\t\t\t\t<div class=\"elementor-column elementor-col-50 elementor-top-column elementor-element elementor-element-ac9dc0a\" data-id=\"ac9dc0a\" data-element_type=\"column\">\n\t\t\t<div class=\"elementor-widget-wrap elementor-element-populated\">\n\t\t\t\t\t\t<div class=\"elementor-element elementor-element-76551f7 elementor-widget elementor-widget-google_maps\" data-id=\"76551f7\" data-element_type=\"widget\" data-widget_type=\"google_maps.default\">\n\t\t\t\t<div class=\"elementor-widget-container\">\n\t\t\t\t\t\t\t<div class=\"elementor-custom-embed\">\n\t\t\t<iframe loading=\"lazy\"\n\t\t\t\t\tsrc=\"https:\/\/maps.google.com\/maps?q=Escola%20Normal%20Supeior&#038;t=m&#038;z=14&#038;output=embed&#038;iwloc=near\"\n\t\t\t\t\ttitle=\"Escola Normal Supeior\"\n\t\t\t\t\taria-label=\"Escola Normal Supeior\"\n\t\t\t><\/iframe>\n\t\t<\/div>\n\t\t\t\t\t\t<\/div>\n\t\t\t\t<\/div>\n\t\t\t\t\t<\/div>\n\t\t<\/div>\n\t\t\t\t\t<\/div>\n\t\t<\/section>\n\t\t\t\t<\/div>\n\t\t","protected":false},"excerpt":{"rendered":"<p>Editais Editais Editais Edital REAMEC &#8211; Ano 2025\u00a0(Retifica\u00e7\u00e3o N.\u00b0 03) Edital REAMEC &#8211; Ano 2023 Edital REAMEC &#8211; Ano 2021 \u00a0 Regimento do Programa Resultados Resultados Resultados Turma 2021 Resultado &#8211; 1\u00b0 EtapaResultado &#8211; 2\u00b0 EtapaResultado &#8211; 3\u00b0 EtapaResultado Final Turma 2023 Resultado &#8211; 1\u00b0 EtapaResultado &#8211; 2\u00b0 EtapaResultado &#8211; 3\u00b0 EtapaResultado Final Inscri\u00e7\u00f5es Homologadas Eventos LASERA LASERA XII Simp\u00f3sio &#8211; 2025 X Simp\u00f3sio &#8211; 2023 IX Simp\u00f3sio &#8211; 2022 Semin\u00e1rio de Pesquisa Semin\u00e1rio de Pesquisa Turma 2021 Not\u00edcias Confira aqui as atualiza\u00e7\u00f5es mais recentes ! ENTRE EM CONTATO CONOSCO Reamec\u00a0 Polo Uea @reamecuea reamec@uea.edu.br 92 3878-7726<\/p>\n","protected":false},"author":1,"featured_media":0,"parent":0,"menu_order":0,"comment_status":"closed","ping_status":"closed","template":"elementor_header_footer","meta":{"footnotes":""},"class_list":["post-2027","page","type-page","status-publish","hentry"],"_links":{"self":[{"href":"http:\/\/reamec.uea.edu.br\/index.php\/wp-json\/wp\/v2\/pages\/2027","targetHints":{"allow":["GET"]}}],"collection":[{"href":"http:\/\/reamec.uea.edu.br\/index.php\/wp-json\/wp\/v2\/pages"}],"about":[{"href":"http:\/\/reamec.uea.edu.br\/index.php\/wp-json\/wp\/v2\/types\/page"}],"author":[{"embeddable":true,"href":"http:\/\/reamec.uea.edu.br\/index.php\/wp-json\/wp\/v2\/users\/1"}],"replies":[{"embeddable":true,"href":"http:\/\/reamec.uea.edu.br\/index.php\/wp-json\/wp\/v2\/comments?post=2027"}],"version-history":[{"count":129,"href":"http:\/\/reamec.uea.edu.br\/index.php\/wp-json\/wp\/v2\/pages\/2027\/revisions"}],"predecessor-version":[{"id":2487,"href":"http:\/\/reamec.uea.edu.br\/index.php\/wp-json\/wp\/v2\/pages\/2027\/revisions\/2487"}],"wp:attachment":[{"href":"http:\/\/reamec.uea.edu.br\/index.php\/wp-json\/wp\/v2\/media?parent=2027"}],"curies":[{"name":"wp","href":"https:\/\/api.w.org\/{rel}","templated":true}]}}