{"id":2208,"date":"2023-11-13T18:08:31","date_gmt":"2023-11-13T21:08:31","guid":{"rendered":"http:\/\/reamec.uea.edu.br\/?page_id=2208"},"modified":"2023-11-14T17:08:39","modified_gmt":"2023-11-14T20:08:39","slug":"lasera-edicao-2023","status":"publish","type":"page","link":"http:\/\/reamec.uea.edu.br\/index.php\/lasera-edicao-2023\/","title":{"rendered":"Lasera Edi\u00e7\u00e3o 2023"},"content":{"rendered":"\t\t<div data-elementor-type=\"wp-page\" data-elementor-id=\"2208\" class=\"elementor elementor-2208\">\n\t\t\t\t\t\t<section class=\"elementor-section elementor-top-section elementor-element elementor-element-8aa30b3 elementor-section-boxed elementor-section-height-default elementor-section-height-default\" data-id=\"8aa30b3\" data-element_type=\"section\">\n\t\t\t\t\t\t<div class=\"elementor-container elementor-column-gap-default\">\n\t\t\t\t\t<div class=\"elementor-column elementor-col-100 elementor-top-column elementor-element elementor-element-37a3d5e\" data-id=\"37a3d5e\" data-element_type=\"column\">\n\t\t\t<div class=\"elementor-widget-wrap elementor-element-populated\">\n\t\t\t\t\t\t<div class=\"elementor-element elementor-element-1439b94 elementor-widget elementor-widget-spacer\" data-id=\"1439b94\" data-element_type=\"widget\" data-widget_type=\"spacer.default\">\n\t\t\t\t<div class=\"elementor-widget-container\">\n\t\t\t\t\t\t\t<div class=\"elementor-spacer\">\n\t\t\t<div class=\"elementor-spacer-inner\"><\/div>\n\t\t<\/div>\n\t\t\t\t\t\t<\/div>\n\t\t\t\t<\/div>\n\t\t\t\t\t<\/div>\n\t\t<\/div>\n\t\t\t\t\t<\/div>\n\t\t<\/section>\n\t\t\t\t<section class=\"elementor-section elementor-top-section elementor-element elementor-element-721c03b elementor-section-boxed elementor-section-height-default elementor-section-height-default\" data-id=\"721c03b\" data-element_type=\"section\">\n\t\t\t\t\t\t<div class=\"elementor-container elementor-column-gap-default\">\n\t\t\t\t\t<div class=\"elementor-column elementor-col-100 elementor-top-column elementor-element elementor-element-405e878\" data-id=\"405e878\" data-element_type=\"column\">\n\t\t\t<div class=\"elementor-widget-wrap elementor-element-populated\">\n\t\t\t\t\t\t<div class=\"elementor-element elementor-element-9433cb1 elementor-widget elementor-widget-heading\" data-id=\"9433cb1\" data-element_type=\"widget\" data-widget_type=\"heading.default\">\n\t\t\t\t<div class=\"elementor-widget-container\">\n\t\t\t\t\t<h2 class=\"elementor-heading-title elementor-size-default\"><h2 style=\"color #865DFF\" class=\"elementor-heading-title elementor-size-default elementor-inline-editing pen\" data-elementor-setting-key=\"title\" data-pen-placeholder=\"Digite aqui...\">LASERA 2023: Confira informa\u00e7\u00f5es sobre a 10\u00b0 edi\u00e7\u00e3o do Simp\u00f3sio<\/h2><\/h2>\t\t\t\t<\/div>\n\t\t\t\t<\/div>\n\t\t\t\t\t<\/div>\n\t\t<\/div>\n\t\t\t\t\t<\/div>\n\t\t<\/section>\n\t\t\t\t<section class=\"elementor-section elementor-top-section elementor-element elementor-element-8c3abb4 elementor-section-boxed elementor-section-height-default elementor-section-height-default\" data-id=\"8c3abb4\" data-element_type=\"section\">\n\t\t\t\t\t\t<div class=\"elementor-container elementor-column-gap-default\">\n\t\t\t\t\t<div class=\"elementor-column elementor-col-100 elementor-top-column elementor-element elementor-element-b99c635\" data-id=\"b99c635\" data-element_type=\"column\">\n\t\t\t<div class=\"elementor-widget-wrap elementor-element-populated\">\n\t\t\t\t\t\t<section class=\"elementor-section elementor-inner-section elementor-element elementor-element-955be61 elementor-section-boxed elementor-section-height-default elementor-section-height-default\" data-id=\"955be61\" data-element_type=\"section\">\n\t\t\t\t\t\t<div class=\"elementor-container elementor-column-gap-default\">\n\t\t\t\t\t<div class=\"elementor-column elementor-col-50 elementor-inner-column elementor-element elementor-element-e063927\" data-id=\"e063927\" data-element_type=\"column\">\n\t\t\t<div class=\"elementor-widget-wrap elementor-element-populated\">\n\t\t\t\t\t\t<div class=\"elementor-element elementor-element-3433bca elementor-widget elementor-widget-text-editor\" data-id=\"3433bca\" data-element_type=\"widget\" data-widget_type=\"text-editor.default\">\n\t\t\t\t<div class=\"elementor-widget-container\">\n\t\t\t\t\t\t\t\t\t<p>O evento ser\u00e1 presencial e deve acontecer nos dias 16 e 17 de novembro, na <a href=\"https:\/\/maps.app.goo.gl\/nTGaUwMF6LCBeZrH6\" target=\"_blank\" rel=\"noopener\"><span style=\"color: #865dff;\">Escola Normal Superior \u2013 ENS<\/span><\/a> (Unidade ao lado do Amazonas Shopping), da Universidade do Estado do Amazonas, em Manaus e contar\u00e1 com a participa\u00e7\u00e3o de pesquisadores, professores, estudantes e grupos de pesquisa afins \u00e0 tem\u00e1tica de ensino de ci\u00eancias e matem\u00e1tica.<\/p><p>O objetivo de nosso evento \u00e9 propiciar o debate, a reflex\u00e3o e a divulga\u00e7\u00e3o de pesquisas cient\u00edficas acerca da tem\u00e1tica vinculada \u00e0 Alternativas inovadoras para o Ensino de Ci\u00eancias e Matem\u00e1tica entre pesquisadores de diversas institui\u00e7\u00f5es de pesquisa em educa\u00e7\u00e3o do pa\u00eds.<\/p><p>O evento ser\u00e1 totalmente presencial, com palestras, oficinas, apresenta\u00e7\u00e3o de banner e comunica\u00e7\u00e3o oral.<\/p><p>Em 2023, a nossa tem\u00e1tica \u00e9: &#8220;Educa\u00e7\u00e3o em Ci\u00eancias, Tecnologia, Artes e Matem\u00e1ticas (STEAM) e a identidade docente na Amaz\u00f4nia&#8221;, cuja inten\u00e7\u00e3o \u00e9 incentivar a discuss\u00e3o sobre a forma\u00e7\u00e3o inicial de professores na Amaz\u00f4nia, os projetos de educa\u00e7\u00e3o STEAM e as rela\u00e7\u00f5es estabelecidas com a escola, a educa\u00e7\u00e3o e o ensino nas grandes \u00e1reas de Educa\u00e7\u00e3o em Ci\u00eancias, particularmente, em F\u00edsica, Qu\u00edmica, Biologia, Ci\u00eancias Naturais e Matem\u00e1tica.<\/p><p>Para mais informa\u00e7\u00f5es, acesse o <a href=\"https:\/\/simposiolaseramanaus.wixsite.com\/oficial\"><span style=\"color: #865dff;\"><u>site oficial<\/u><\/span><\/a>.<\/p><p>Na p\u00e1gina est\u00e3o dispon\u00edveis o cronograma da <span style=\"color: #ffa3fd;\">Programa\u00e7\u00e3o<\/span> e <span style=\"color: #ffa3fd;\">Ensalamento\u00a0<\/span><span style=\"letter-spacing: 0px;\">e informa\u00e7\u00f5es adicionais est\u00e3o dispon\u00edveis via <\/span><span style=\"color: #865dff;\"><a style=\"background-color: #ffffff; letter-spacing: 0px; color: #865dff;\" href=\"http:\/\/linktr.ee\/reamecpolouea\"><u>linktr.ee<\/u><\/a><\/span><span style=\"letter-spacing: 0px;\">.<\/span><\/p>\t\t\t\t\t\t\t\t<\/div>\n\t\t\t\t<\/div>\n\t\t\t\t\t<\/div>\n\t\t<\/div>\n\t\t\t\t<div class=\"elementor-column elementor-col-50 elementor-inner-column elementor-element elementor-element-641305a\" data-id=\"641305a\" data-element_type=\"column\">\n\t\t\t<div class=\"elementor-widget-wrap elementor-element-populated\">\n\t\t\t\t\t\t<div class=\"elementor-element elementor-element-e1ad3b0 elementor-widget elementor-widget-image\" data-id=\"e1ad3b0\" data-element_type=\"widget\" data-widget_type=\"image.default\">\n\t\t\t\t<div class=\"elementor-widget-container\">\n\t\t\t\t\t\t\t\t\t\t\t\t\t\t\t<img decoding=\"async\" src=\"https:\/\/data.uea.edu.br\/ssgp\/noticia\/1\/76730-1.png\" title=\"\" alt=\"\" loading=\"lazy\" \/>\t\t\t\t\t\t\t\t\t\t\t\t\t\t\t<\/div>\n\t\t\t\t<\/div>\n\t\t\t\t\t<\/div>\n\t\t<\/div>\n\t\t\t\t\t<\/div>\n\t\t<\/section>\n\t\t\t\t\t<\/div>\n\t\t<\/div>\n\t\t\t\t\t<\/div>\n\t\t<\/section>\n\t\t\t\t<section class=\"elementor-section elementor-top-section elementor-element elementor-element-d4e5d28 elementor-section-boxed elementor-section-height-default elementor-section-height-default\" data-id=\"d4e5d28\" data-element_type=\"section\">\n\t\t\t\t\t\t<div class=\"elementor-container elementor-column-gap-default\">\n\t\t\t\t\t<div class=\"elementor-column elementor-col-50 elementor-top-column elementor-element elementor-element-db3d605\" data-id=\"db3d605\" data-element_type=\"column\">\n\t\t\t<div class=\"elementor-widget-wrap elementor-element-populated\">\n\t\t\t\t\t\t<div class=\"elementor-element elementor-element-deb10da elementor-widget elementor-widget-image\" data-id=\"deb10da\" data-element_type=\"widget\" data-widget_type=\"image.default\">\n\t\t\t\t<div class=\"elementor-widget-container\">\n\t\t\t\t\t\t\t\t\t\t\t\t\t\t\t<img fetchpriority=\"high\" decoding=\"async\" width=\"960\" height=\"949\" src=\"http:\/\/reamec.uea.edu.br\/wp-content\/uploads\/2023\/11\/1.svg\" class=\"attachment-large size-large wp-image-2288\" alt=\"\" \/>\t\t\t\t\t\t\t\t\t\t\t\t\t\t\t<\/div>\n\t\t\t\t<\/div>\n\t\t\t\t\t<\/div>\n\t\t<\/div>\n\t\t\t\t<div class=\"elementor-column elementor-col-50 elementor-top-column elementor-element elementor-element-3a96eb7\" data-id=\"3a96eb7\" data-element_type=\"column\">\n\t\t\t<div class=\"elementor-widget-wrap elementor-element-populated\">\n\t\t\t\t\t\t<div class=\"elementor-element elementor-element-f155fe6 elementor-widget elementor-widget-image\" data-id=\"f155fe6\" data-element_type=\"widget\" data-widget_type=\"image.default\">\n\t\t\t\t<div class=\"elementor-widget-container\">\n\t\t\t\t\t\t\t\t\t\t\t\t\t\t\t<img decoding=\"async\" width=\"960\" height=\"949\" src=\"http:\/\/reamec.uea.edu.br\/wp-content\/uploads\/2023\/11\/2.svg\" class=\"attachment-large size-large wp-image-2289\" alt=\"\" \/>\t\t\t\t\t\t\t\t\t\t\t\t\t\t\t<\/div>\n\t\t\t\t<\/div>\n\t\t\t\t\t<\/div>\n\t\t<\/div>\n\t\t\t\t\t<\/div>\n\t\t<\/section>\n\t\t\t\t<section class=\"elementor-section elementor-top-section elementor-element elementor-element-1319897 elementor-section-boxed elementor-section-height-default elementor-section-height-default\" data-id=\"1319897\" data-element_type=\"section\">\n\t\t\t\t\t\t<div class=\"elementor-container elementor-column-gap-default\">\n\t\t\t\t\t<div class=\"elementor-column elementor-col-100 elementor-top-column elementor-element elementor-element-94e188d\" data-id=\"94e188d\" data-element_type=\"column\">\n\t\t\t<div class=\"elementor-widget-wrap elementor-element-populated\">\n\t\t\t\t\t\t<div class=\"elementor-element elementor-element-3554c85 elementor-widget elementor-widget-spacer\" data-id=\"3554c85\" data-element_type=\"widget\" data-widget_type=\"spacer.default\">\n\t\t\t\t<div class=\"elementor-widget-container\">\n\t\t\t\t\t\t\t<div class=\"elementor-spacer\">\n\t\t\t<div class=\"elementor-spacer-inner\"><\/div>\n\t\t<\/div>\n\t\t\t\t\t\t<\/div>\n\t\t\t\t<\/div>\n\t\t\t\t\t<\/div>\n\t\t<\/div>\n\t\t\t\t\t<\/div>\n\t\t<\/section>\n\t\t\t\t<\/div>\n\t\t","protected":false},"excerpt":{"rendered":"<p>LASERA 2023: Confira informa\u00e7\u00f5es sobre a 10\u00b0 edi\u00e7\u00e3o do Simp\u00f3sio O evento ser\u00e1 presencial e deve acontecer nos dias 16 e 17 de novembro, na Escola Normal Superior \u2013 ENS (Unidade ao lado do Amazonas Shopping), da Universidade do Estado do Amazonas, em Manaus e contar\u00e1 com a participa\u00e7\u00e3o de pesquisadores, professores, estudantes e grupos de pesquisa afins \u00e0 tem\u00e1tica de ensino de ci\u00eancias e matem\u00e1tica. O objetivo de nosso evento \u00e9 propiciar o debate, a reflex\u00e3o e a divulga\u00e7\u00e3o de pesquisas cient\u00edficas acerca da tem\u00e1tica vinculada \u00e0 Alternativas inovadoras para o Ensino de Ci\u00eancias e Matem\u00e1tica entre pesquisadores de diversas institui\u00e7\u00f5es de pesquisa em educa\u00e7\u00e3o do pa\u00eds. O evento ser\u00e1 totalmente presencial, com palestras, oficinas, apresenta\u00e7\u00e3o de banner e comunica\u00e7\u00e3o oral. Em 2023, a nossa tem\u00e1tica \u00e9: &#8220;Educa\u00e7\u00e3o em Ci\u00eancias, Tecnologia, Artes e Matem\u00e1ticas (STEAM) e a identidade docente na Amaz\u00f4nia&#8221;, cuja inten\u00e7\u00e3o \u00e9 incentivar a discuss\u00e3o sobre a forma\u00e7\u00e3o inicial de professores na Amaz\u00f4nia, os projetos de educa\u00e7\u00e3o STEAM e as rela\u00e7\u00f5es estabelecidas com a escola, a educa\u00e7\u00e3o e o ensino nas grandes \u00e1reas de Educa\u00e7\u00e3o em Ci\u00eancias, particularmente, em F\u00edsica, Qu\u00edmica, Biologia, Ci\u00eancias Naturais e Matem\u00e1tica. Para mais informa\u00e7\u00f5es, acesse o site oficial. Na p\u00e1gina est\u00e3o dispon\u00edveis o cronograma da Programa\u00e7\u00e3o e Ensalamento\u00a0e informa\u00e7\u00f5es adicionais est\u00e3o dispon\u00edveis via linktr.ee.<\/p>\n","protected":false},"author":1,"featured_media":0,"parent":0,"menu_order":0,"comment_status":"closed","ping_status":"closed","template":"elementor_header_footer","meta":{"footnotes":""},"class_list":["post-2208","page","type-page","status-publish","hentry"],"_links":{"self":[{"href":"http:\/\/reamec.uea.edu.br\/index.php\/wp-json\/wp\/v2\/pages\/2208","targetHints":{"allow":["GET"]}}],"collection":[{"href":"http:\/\/reamec.uea.edu.br\/index.php\/wp-json\/wp\/v2\/pages"}],"about":[{"href":"http:\/\/reamec.uea.edu.br\/index.php\/wp-json\/wp\/v2\/types\/page"}],"author":[{"embeddable":true,"href":"http:\/\/reamec.uea.edu.br\/index.php\/wp-json\/wp\/v2\/users\/1"}],"replies":[{"embeddable":true,"href":"http:\/\/reamec.uea.edu.br\/index.php\/wp-json\/wp\/v2\/comments?post=2208"}],"version-history":[{"count":63,"href":"http:\/\/reamec.uea.edu.br\/index.php\/wp-json\/wp\/v2\/pages\/2208\/revisions"}],"predecessor-version":[{"id":2311,"href":"http:\/\/reamec.uea.edu.br\/index.php\/wp-json\/wp\/v2\/pages\/2208\/revisions\/2311"}],"wp:attachment":[{"href":"http:\/\/reamec.uea.edu.br\/index.php\/wp-json\/wp\/v2\/media?parent=2208"}],"curies":[{"name":"wp","href":"https:\/\/api.w.org\/{rel}","templated":true}]}}