{"id":2457,"date":"2025-08-21T14:20:20","date_gmt":"2025-08-21T17:20:20","guid":{"rendered":"http:\/\/reamec.uea.edu.br\/?page_id=2457"},"modified":"2025-10-16T10:14:44","modified_gmt":"2025-10-16T13:14:44","slug":"lasera-edicao-2025","status":"publish","type":"page","link":"http:\/\/reamec.uea.edu.br\/index.php\/lasera-edicao-2025\/","title":{"rendered":"LASERA EDI\u00c7\u00c3O 2025"},"content":{"rendered":"\t\t<div data-elementor-type=\"wp-page\" data-elementor-id=\"2457\" class=\"elementor elementor-2457\">\n\t\t\t\t\t\t<section class=\"elementor-section elementor-top-section elementor-element elementor-element-4bcc7db elementor-section-boxed elementor-section-height-default elementor-section-height-default\" data-id=\"4bcc7db\" data-element_type=\"section\">\n\t\t\t\t\t\t<div class=\"elementor-container elementor-column-gap-default\">\n\t\t\t\t\t<div class=\"elementor-column elementor-col-100 elementor-top-column elementor-element elementor-element-0139b30\" data-id=\"0139b30\" data-element_type=\"column\">\n\t\t\t<div class=\"elementor-widget-wrap elementor-element-populated\">\n\t\t\t\t\t\t<div class=\"elementor-element elementor-element-5d6c8fc elementor-widget elementor-widget-spacer\" data-id=\"5d6c8fc\" data-element_type=\"widget\" data-widget_type=\"spacer.default\">\n\t\t\t\t<div class=\"elementor-widget-container\">\n\t\t\t\t\t\t\t<div class=\"elementor-spacer\">\n\t\t\t<div class=\"elementor-spacer-inner\"><\/div>\n\t\t<\/div>\n\t\t\t\t\t\t<\/div>\n\t\t\t\t<\/div>\n\t\t\t\t\t<\/div>\n\t\t<\/div>\n\t\t\t\t\t<\/div>\n\t\t<\/section>\n\t\t\t\t<section class=\"elementor-section elementor-top-section elementor-element elementor-element-a5f0d89 elementor-section-boxed elementor-section-height-default elementor-section-height-default\" data-id=\"a5f0d89\" data-element_type=\"section\">\n\t\t\t\t\t\t<div class=\"elementor-container elementor-column-gap-default\">\n\t\t\t\t\t<div class=\"elementor-column elementor-col-100 elementor-top-column elementor-element elementor-element-01677bf\" data-id=\"01677bf\" data-element_type=\"column\">\n\t\t\t<div class=\"elementor-widget-wrap elementor-element-populated\">\n\t\t\t\t\t\t<div class=\"elementor-element elementor-element-33b19f6 elementor-widget elementor-widget-heading\" data-id=\"33b19f6\" data-element_type=\"widget\" data-widget_type=\"heading.default\">\n\t\t\t\t<div class=\"elementor-widget-container\">\n\t\t\t\t\t<h1 class=\"elementor-heading-title elementor-size-default\">LASERA 2025: Confira informa\u00e7\u00f5es sobre a 12\u00b0 edi\u00e7\u00e3o do Simp\u00f3sio<\/h1>\t\t\t\t<\/div>\n\t\t\t\t<\/div>\n\t\t\t\t\t<\/div>\n\t\t<\/div>\n\t\t\t\t\t<\/div>\n\t\t<\/section>\n\t\t\t\t<section class=\"elementor-section elementor-top-section elementor-element elementor-element-13ac0e2 elementor-section-boxed elementor-section-height-default elementor-section-height-default\" data-id=\"13ac0e2\" data-element_type=\"section\">\n\t\t\t\t\t\t<div class=\"elementor-container elementor-column-gap-default\">\n\t\t\t\t\t<div class=\"elementor-column elementor-col-100 elementor-top-column elementor-element elementor-element-eb34283\" data-id=\"eb34283\" data-element_type=\"column\">\n\t\t\t<div class=\"elementor-widget-wrap elementor-element-populated\">\n\t\t\t\t\t\t<div class=\"elementor-element elementor-element-e35e3c1 elementor-widget elementor-widget-spacer\" data-id=\"e35e3c1\" data-element_type=\"widget\" data-widget_type=\"spacer.default\">\n\t\t\t\t<div class=\"elementor-widget-container\">\n\t\t\t\t\t\t\t<div class=\"elementor-spacer\">\n\t\t\t<div class=\"elementor-spacer-inner\"><\/div>\n\t\t<\/div>\n\t\t\t\t\t\t<\/div>\n\t\t\t\t<\/div>\n\t\t\t\t\t<\/div>\n\t\t<\/div>\n\t\t\t\t\t<\/div>\n\t\t<\/section>\n\t\t\t\t<section class=\"elementor-section elementor-top-section elementor-element elementor-element-6e8980f elementor-section-boxed elementor-section-height-default elementor-section-height-default\" data-id=\"6e8980f\" data-element_type=\"section\">\n\t\t\t\t\t\t<div class=\"elementor-container elementor-column-gap-default\">\n\t\t\t\t\t<div class=\"elementor-column elementor-col-33 elementor-top-column elementor-element elementor-element-306f417\" data-id=\"306f417\" data-element_type=\"column\">\n\t\t\t<div class=\"elementor-widget-wrap\">\n\t\t\t\t\t\t\t<\/div>\n\t\t<\/div>\n\t\t\t\t<div class=\"elementor-column elementor-col-33 elementor-top-column elementor-element elementor-element-0b2f8aa\" data-id=\"0b2f8aa\" data-element_type=\"column\">\n\t\t\t<div class=\"elementor-widget-wrap elementor-element-populated\">\n\t\t\t\t\t\t<div class=\"elementor-element elementor-element-ded7566 elementor-widget elementor-widget-text-editor\" data-id=\"ded7566\" data-element_type=\"widget\" data-widget_type=\"text-editor.default\">\n\t\t\t\t<div class=\"elementor-widget-container\">\n\t\t\t\t\t\t\t\t\t<h6>A 12\u00aa edi\u00e7\u00e3o do Lasera est\u00e1 prevista para acontecer nos dias 27 e 28 de novembro, com o tema: \u201cSTEAM na Educa\u00e7\u00e3o: Desafios, Conquistas e Avan\u00e7os numa Perspectiva Amaz\u00f4nica\u201d. O evento ser\u00e1 realizado na Escola Normal Superior (ENS), unidade da Universidade do Estado do Amazonas (UEA), Localizada ao lado do Amazonas Shopping.<\/h6>\t\t\t\t\t\t\t\t<\/div>\n\t\t\t\t<\/div>\n\t\t\t\t\t<\/div>\n\t\t<\/div>\n\t\t\t\t<div class=\"elementor-column elementor-col-33 elementor-top-column elementor-element elementor-element-45dd5aa\" data-id=\"45dd5aa\" data-element_type=\"column\">\n\t\t\t<div class=\"elementor-widget-wrap\">\n\t\t\t\t\t\t\t<\/div>\n\t\t<\/div>\n\t\t\t\t\t<\/div>\n\t\t<\/section>\n\t\t\t\t<section class=\"elementor-section elementor-top-section elementor-element elementor-element-380092e elementor-section-boxed elementor-section-height-default elementor-section-height-default\" data-id=\"380092e\" data-element_type=\"section\">\n\t\t\t\t\t\t<div class=\"elementor-container elementor-column-gap-default\">\n\t\t\t\t\t<div class=\"elementor-column elementor-col-33 elementor-top-column elementor-element elementor-element-5613056\" data-id=\"5613056\" data-element_type=\"column\">\n\t\t\t<div class=\"elementor-widget-wrap\">\n\t\t\t\t\t\t\t<\/div>\n\t\t<\/div>\n\t\t\t\t<div class=\"elementor-column elementor-col-33 elementor-top-column elementor-element elementor-element-bc16223\" data-id=\"bc16223\" data-element_type=\"column\">\n\t\t\t<div class=\"elementor-widget-wrap elementor-element-populated\">\n\t\t\t\t\t\t<div class=\"elementor-element elementor-element-ee04507 elementor-widget elementor-widget-text-editor\" data-id=\"ee04507\" data-element_type=\"widget\" data-widget_type=\"text-editor.default\">\n\t\t\t\t<div class=\"elementor-widget-container\">\n\t\t\t\t\t\t\t\t\t<h6>Neste ano, temos como foco principal a abertura de um ambiente dedicado ao debate e \u00e0 divulga\u00e7\u00e3o de pesquisas cient\u00edficas como objetivo de apresentar novas ideias no campo educacional, reunindo pesquisadores, professores, estudantes e grupos de pesquisa, para juntos explorarem novas fronteiras do conhecimento de Ensino de Ci\u00eancia e Matem\u00e1tica.<\/h6>\t\t\t\t\t\t\t\t<\/div>\n\t\t\t\t<\/div>\n\t\t\t\t\t<\/div>\n\t\t<\/div>\n\t\t\t\t<div class=\"elementor-column elementor-col-33 elementor-top-column elementor-element elementor-element-07a8870\" data-id=\"07a8870\" data-element_type=\"column\">\n\t\t\t<div class=\"elementor-widget-wrap\">\n\t\t\t\t\t\t\t<\/div>\n\t\t<\/div>\n\t\t\t\t\t<\/div>\n\t\t<\/section>\n\t\t\t\t<section class=\"elementor-section elementor-top-section elementor-element elementor-element-e83a2d8 elementor-section-boxed elementor-section-height-default elementor-section-height-default\" data-id=\"e83a2d8\" data-element_type=\"section\">\n\t\t\t\t\t\t<div class=\"elementor-container elementor-column-gap-default\">\n\t\t\t\t\t<div class=\"elementor-column elementor-col-33 elementor-top-column elementor-element elementor-element-cf365d9\" data-id=\"cf365d9\" data-element_type=\"column\">\n\t\t\t<div class=\"elementor-widget-wrap\">\n\t\t\t\t\t\t\t<\/div>\n\t\t<\/div>\n\t\t\t\t<div class=\"elementor-column elementor-col-33 elementor-top-column elementor-element elementor-element-4af841a\" data-id=\"4af841a\" data-element_type=\"column\">\n\t\t\t<div class=\"elementor-widget-wrap elementor-element-populated\">\n\t\t\t\t\t\t<div class=\"elementor-element elementor-element-b954d4a elementor-widget elementor-widget-text-editor\" data-id=\"b954d4a\" data-element_type=\"widget\" data-widget_type=\"text-editor.default\">\n\t\t\t\t<div class=\"elementor-widget-container\">\n\t\t\t\t\t\t\t\t\t<h6>O evento ser\u00e1 totalmente presencial, com palestras, oficinas, apresenta\u00e7\u00e3o de banner e comunica\u00e7\u00e3o oral.<\/h6>\t\t\t\t\t\t\t\t<\/div>\n\t\t\t\t<\/div>\n\t\t\t\t\t<\/div>\n\t\t<\/div>\n\t\t\t\t<div class=\"elementor-column elementor-col-33 elementor-top-column elementor-element elementor-element-a9789a2\" data-id=\"a9789a2\" data-element_type=\"column\">\n\t\t\t<div class=\"elementor-widget-wrap\">\n\t\t\t\t\t\t\t<\/div>\n\t\t<\/div>\n\t\t\t\t\t<\/div>\n\t\t<\/section>\n\t\t\t\t<section class=\"elementor-section elementor-top-section elementor-element elementor-element-3417d08 elementor-section-boxed elementor-section-height-default elementor-section-height-default\" data-id=\"3417d08\" data-element_type=\"section\">\n\t\t\t\t\t\t<div class=\"elementor-container elementor-column-gap-default\">\n\t\t\t\t\t<div class=\"elementor-column elementor-col-33 elementor-top-column elementor-element elementor-element-59ed07a\" data-id=\"59ed07a\" data-element_type=\"column\">\n\t\t\t<div class=\"elementor-widget-wrap\">\n\t\t\t\t\t\t\t<\/div>\n\t\t<\/div>\n\t\t\t\t<div class=\"elementor-column elementor-col-33 elementor-top-column elementor-element elementor-element-f38249f\" data-id=\"f38249f\" data-element_type=\"column\">\n\t\t\t<div class=\"elementor-widget-wrap elementor-element-populated\">\n\t\t\t\t\t\t<div class=\"elementor-element elementor-element-c52ff00 elementor-widget elementor-widget-text-editor\" data-id=\"c52ff00\" data-element_type=\"widget\" data-widget_type=\"text-editor.default\">\n\t\t\t\t<div class=\"elementor-widget-container\">\n\t\t\t\t\t\t\t\t\t<h6>A tem\u00e1tica central de 2025, \u201cSTEAM na Educa\u00e7\u00e3o: Desafios, Conquistas e Avan\u00e7os numa Perspectiva Amaz\u00f4nica\u201d, nos convida a explorar estrat\u00e9gias eficazes para a educa\u00e7\u00e3o STEAM na regi\u00e3o. Acreditamos que a discuss\u00e3o dos desafios do s\u00e9culo XXI deve ser intrinsecamente ligada a solu\u00e7\u00f5es adaptadas \u00e0 nossa realidade local.<\/h6>\t\t\t\t\t\t\t\t<\/div>\n\t\t\t\t<\/div>\n\t\t\t\t\t<\/div>\n\t\t<\/div>\n\t\t\t\t<div class=\"elementor-column elementor-col-33 elementor-top-column elementor-element elementor-element-eb42c63\" data-id=\"eb42c63\" data-element_type=\"column\">\n\t\t\t<div class=\"elementor-widget-wrap\">\n\t\t\t\t\t\t\t<\/div>\n\t\t<\/div>\n\t\t\t\t\t<\/div>\n\t\t<\/section>\n\t\t\t\t<section class=\"elementor-section elementor-top-section elementor-element elementor-element-1f35629 elementor-section-boxed elementor-section-height-default elementor-section-height-default\" data-id=\"1f35629\" data-element_type=\"section\">\n\t\t\t\t\t\t<div class=\"elementor-container elementor-column-gap-default\">\n\t\t\t\t\t<div class=\"elementor-column elementor-col-33 elementor-top-column elementor-element elementor-element-526c311\" data-id=\"526c311\" data-element_type=\"column\">\n\t\t\t<div class=\"elementor-widget-wrap\">\n\t\t\t\t\t\t\t<\/div>\n\t\t<\/div>\n\t\t\t\t<div class=\"elementor-column elementor-col-33 elementor-top-column elementor-element elementor-element-d9e3ea7\" data-id=\"d9e3ea7\" data-element_type=\"column\">\n\t\t\t<div class=\"elementor-widget-wrap elementor-element-populated\">\n\t\t\t\t\t\t<div class=\"elementor-element elementor-element-2b62c82 elementor-widget elementor-widget-text-editor\" data-id=\"2b62c82\" data-element_type=\"widget\" data-widget_type=\"text-editor.default\">\n\t\t\t\t<div class=\"elementor-widget-container\">\n\t\t\t\t\t\t\t\t\t<h6>Nosso foco estar\u00e1 na forma\u00e7\u00e3o inicial de professores na Amaz\u00f4nia, nos projetos de Educa\u00e7\u00e3o STEAM, no uso estrat\u00e9gico de tecnologias digitais e assertivas e em suas profundas rela\u00e7\u00f5es com a escola, a educa\u00e7\u00e3o e o ensino nas vastas \u00e1reas de Ci\u00eancias \u2013 especialmente F\u00edsica, Qu\u00edmica, Biologia, Ci\u00eancias Naturais \u2013 e Matem\u00e1tica. Para mais informa\u00e7\u00f5es, acesse o\u00a0<a style=\"font-family: Roboto, sans-serif; background-color: #ffffff; font-size: 15px; letter-spacing: 0px;\" href=\"https:\/\/www.laseramanaus.com.br\/\" target=\"_blank\" rel=\"noopener\">site oficial.<\/a><\/h6>\t\t\t\t\t\t\t\t<\/div>\n\t\t\t\t<\/div>\n\t\t\t\t\t<\/div>\n\t\t<\/div>\n\t\t\t\t<div class=\"elementor-column elementor-col-33 elementor-top-column elementor-element elementor-element-45103c4\" data-id=\"45103c4\" data-element_type=\"column\">\n\t\t\t<div class=\"elementor-widget-wrap\">\n\t\t\t\t\t\t\t<\/div>\n\t\t<\/div>\n\t\t\t\t\t<\/div>\n\t\t<\/section>\n\t\t\t\t<section class=\"elementor-section elementor-top-section elementor-element elementor-element-a2ff751 elementor-section-boxed elementor-section-height-default elementor-section-height-default\" data-id=\"a2ff751\" data-element_type=\"section\">\n\t\t\t\t\t\t<div class=\"elementor-container elementor-column-gap-default\">\n\t\t\t\t\t<div class=\"elementor-column elementor-col-100 elementor-top-column elementor-element elementor-element-f47495e\" data-id=\"f47495e\" data-element_type=\"column\">\n\t\t\t<div class=\"elementor-widget-wrap elementor-element-populated\">\n\t\t\t\t\t\t<div class=\"elementor-element elementor-element-969bc2b elementor-widget-divider--view-line elementor-widget elementor-widget-divider\" data-id=\"969bc2b\" data-element_type=\"widget\" data-widget_type=\"divider.default\">\n\t\t\t\t<div class=\"elementor-widget-container\">\n\t\t\t\t\t\t\t<div class=\"elementor-divider\">\n\t\t\t<span class=\"elementor-divider-separator\">\n\t\t\t\t\t\t<\/span>\n\t\t<\/div>\n\t\t\t\t\t\t<\/div>\n\t\t\t\t<\/div>\n\t\t\t\t\t<\/div>\n\t\t<\/div>\n\t\t\t\t\t<\/div>\n\t\t<\/section>\n\t\t\t\t<section class=\"elementor-section elementor-top-section elementor-element elementor-element-164d55c elementor-section-boxed elementor-section-height-default elementor-section-height-default\" data-id=\"164d55c\" data-element_type=\"section\">\n\t\t\t\t\t\t<div class=\"elementor-container elementor-column-gap-default\">\n\t\t\t\t\t<div class=\"elementor-column elementor-col-100 elementor-top-column elementor-element elementor-element-23edf74\" data-id=\"23edf74\" data-element_type=\"column\">\n\t\t\t<div class=\"elementor-widget-wrap elementor-element-populated\">\n\t\t\t\t\t\t<div class=\"elementor-element elementor-element-81f3f36 elementor-widget elementor-widget-spacer\" data-id=\"81f3f36\" data-element_type=\"widget\" data-widget_type=\"spacer.default\">\n\t\t\t\t<div class=\"elementor-widget-container\">\n\t\t\t\t\t\t\t<div class=\"elementor-spacer\">\n\t\t\t<div class=\"elementor-spacer-inner\"><\/div>\n\t\t<\/div>\n\t\t\t\t\t\t<\/div>\n\t\t\t\t<\/div>\n\t\t\t\t\t<\/div>\n\t\t<\/div>\n\t\t\t\t\t<\/div>\n\t\t<\/section>\n\t\t\t\t<\/div>\n\t\t","protected":false},"excerpt":{"rendered":"<p>LASERA 2025: Confira informa\u00e7\u00f5es sobre a 12\u00b0 edi\u00e7\u00e3o do Simp\u00f3sio A 12\u00aa edi\u00e7\u00e3o do Lasera est\u00e1 prevista para acontecer nos dias 27 e 28 de novembro, com o tema: \u201cSTEAM na Educa\u00e7\u00e3o: Desafios, Conquistas e Avan\u00e7os numa Perspectiva Amaz\u00f4nica\u201d. O evento ser\u00e1 realizado na Escola Normal Superior (ENS), unidade da Universidade do Estado do Amazonas (UEA), Localizada ao lado do Amazonas Shopping. Neste ano, temos como foco principal a abertura de um ambiente dedicado ao debate e \u00e0 divulga\u00e7\u00e3o de pesquisas cient\u00edficas como objetivo de apresentar novas ideias no campo educacional, reunindo pesquisadores, professores, estudantes e grupos de pesquisa, para juntos explorarem novas fronteiras do conhecimento de Ensino de Ci\u00eancia e Matem\u00e1tica. O evento ser\u00e1 totalmente presencial, com palestras, oficinas, apresenta\u00e7\u00e3o de banner e comunica\u00e7\u00e3o oral. A tem\u00e1tica central de 2025, \u201cSTEAM na Educa\u00e7\u00e3o: Desafios, Conquistas e Avan\u00e7os numa Perspectiva Amaz\u00f4nica\u201d, nos convida a explorar estrat\u00e9gias eficazes para a educa\u00e7\u00e3o STEAM na regi\u00e3o. Acreditamos que a discuss\u00e3o dos desafios do s\u00e9culo XXI deve ser intrinsecamente ligada a solu\u00e7\u00f5es adaptadas \u00e0 nossa realidade local. Nosso foco estar\u00e1 na forma\u00e7\u00e3o inicial de professores na Amaz\u00f4nia, nos projetos de Educa\u00e7\u00e3o STEAM, no uso estrat\u00e9gico de tecnologias digitais e assertivas e em suas profundas rela\u00e7\u00f5es com a escola, a educa\u00e7\u00e3o e o ensino nas vastas \u00e1reas de Ci\u00eancias \u2013 especialmente F\u00edsica, Qu\u00edmica, Biologia, Ci\u00eancias Naturais \u2013 e Matem\u00e1tica. Para mais informa\u00e7\u00f5es, acesse o\u00a0site oficial.<\/p>\n","protected":false},"author":1,"featured_media":0,"parent":0,"menu_order":0,"comment_status":"closed","ping_status":"closed","template":"elementor_header_footer","meta":{"footnotes":""},"class_list":["post-2457","page","type-page","status-publish","hentry"],"_links":{"self":[{"href":"http:\/\/reamec.uea.edu.br\/index.php\/wp-json\/wp\/v2\/pages\/2457","targetHints":{"allow":["GET"]}}],"collection":[{"href":"http:\/\/reamec.uea.edu.br\/index.php\/wp-json\/wp\/v2\/pages"}],"about":[{"href":"http:\/\/reamec.uea.edu.br\/index.php\/wp-json\/wp\/v2\/types\/page"}],"author":[{"embeddable":true,"href":"http:\/\/reamec.uea.edu.br\/index.php\/wp-json\/wp\/v2\/users\/1"}],"replies":[{"embeddable":true,"href":"http:\/\/reamec.uea.edu.br\/index.php\/wp-json\/wp\/v2\/comments?post=2457"}],"version-history":[{"count":22,"href":"http:\/\/reamec.uea.edu.br\/index.php\/wp-json\/wp\/v2\/pages\/2457\/revisions"}],"predecessor-version":[{"id":2553,"href":"http:\/\/reamec.uea.edu.br\/index.php\/wp-json\/wp\/v2\/pages\/2457\/revisions\/2553"}],"wp:attachment":[{"href":"http:\/\/reamec.uea.edu.br\/index.php\/wp-json\/wp\/v2\/media?parent=2457"}],"curies":[{"name":"wp","href":"https:\/\/api.w.org\/{rel}","templated":true}]}}